{"id":1622,"date":"2023-06-01T14:20:37","date_gmt":"2023-06-01T12:20:37","guid":{"rendered":"https:\/\/ticinoweb02.jcloud.ik-server.com\/fiorimela\/galerie\/dekorationen-und-dienstleistungen-fuer-bueros-krankenhaeuser-banken-und-unternehmen\/"},"modified":"2023-06-07T09:18:38","modified_gmt":"2023-06-07T07:18:38","slug":"dekorationen-und-dienstleistungen-fuer-bueros-krankenhaeuser-banken-und-unternehmen","status":"publish","type":"page","link":"https:\/\/fiorimela.ch\/de\/galerie\/dekorationen-und-dienstleistungen-fuer-bueros-krankenhaeuser-banken-und-unternehmen\/","title":{"rendered":"Dekorationen und Dienstleistungen f\u00fcr B\u00fcros, Krankenh\u00e4user, Banken und Unternehmen"},"content":{"rendered":"\t\t<div data-elementor-type=\"wp-page\" data-elementor-id=\"1622\" class=\"elementor elementor-1622 elementor-524\" data-elementor-post-type=\"page\">\n\t\t\t\t\t\t<section class=\"elementor-section elementor-top-section elementor-element elementor-element-070cc9f elementor-section-boxed elementor-section-height-default elementor-section-height-default\" data-id=\"070cc9f\" data-element_type=\"section\" data-e-type=\"section\" data-settings=\"{&quot;background_background&quot;:&quot;classic&quot;,&quot;background_motion_fx_motion_fx_scrolling&quot;:&quot;yes&quot;,&quot;background_motion_fx_translateY_effect&quot;:&quot;yes&quot;,&quot;background_motion_fx_translateY_speed&quot;:{&quot;unit&quot;:&quot;px&quot;,&quot;size&quot;:10,&quot;sizes&quot;:[]},&quot;background_motion_fx_devices&quot;:[&quot;desktop&quot;,&quot;tablet&quot;],&quot;background_motion_fx_translateY_affectedRange&quot;:{&quot;unit&quot;:&quot;%&quot;,&quot;size&quot;:&quot;&quot;,&quot;sizes&quot;:{&quot;start&quot;:0,&quot;end&quot;:100}}}\">\n\t\t\t\t\t\t\t<div class=\"elementor-background-overlay\"><\/div>\n\t\t\t\t\t\t\t<div class=\"elementor-container elementor-column-gap-default\">\n\t\t\t\t\t<div class=\"elementor-column elementor-col-100 elementor-top-column elementor-element elementor-element-ea61518\" data-id=\"ea61518\" data-element_type=\"column\" data-e-type=\"column\">\n\t\t\t<div class=\"elementor-widget-wrap elementor-element-populated\">\n\t\t\t\t\t\t<div class=\"elementor-element elementor-element-4ceffb4 elementor-widget elementor-widget-heading\" data-id=\"4ceffb4\" data-element_type=\"widget\" data-e-type=\"widget\" data-widget_type=\"heading.default\">\n\t\t\t\t<div class=\"elementor-widget-container\">\n\t\t\t\t\t<h1 class=\"elementor-heading-title elementor-size-default\">Dekorationen und Dienstleistungen f\u00fcr B\u00fcros, Krankenh\u00e4user, Banken und Unternehmen<\/h1>\t\t\t\t<\/div>\n\t\t\t\t<\/div>\n\t\t\t\t\t<\/div>\n\t\t<\/div>\n\t\t\t\t\t<\/div>\n\t\t<\/section>\n\t\t\t\t<section class=\"elementor-section elementor-top-section elementor-element elementor-element-95f7563 elementor-section-boxed elementor-section-height-default elementor-section-height-default\" data-id=\"95f7563\" data-element_type=\"section\" data-e-type=\"section\" data-settings=\"{&quot;background_background&quot;:&quot;classic&quot;}\">\n\t\t\t\t\t\t\t<div class=\"elementor-background-overlay\"><\/div>\n\t\t\t\t\t\t\t<div class=\"elementor-container elementor-column-gap-default\">\n\t\t\t\t\t<div class=\"elementor-column elementor-col-100 elementor-top-column elementor-element elementor-element-1fa4a17 elementor-invisible\" data-id=\"1fa4a17\" data-element_type=\"column\" data-e-type=\"column\" data-settings=\"{&quot;animation&quot;:&quot;fadeInRight&quot;}\">\n\t\t\t<div class=\"elementor-widget-wrap elementor-element-populated\">\n\t\t\t\t\t\t<div class=\"elementor-element elementor-element-48ce5b8 elementor-gallery--filter-align-left elementor-widget elementor-widget-gallery\" data-id=\"48ce5b8\" data-element_type=\"widget\" data-e-type=\"widget\" data-settings=\"{&quot;gallery_layout&quot;:&quot;masonry&quot;,&quot;columns_mobile&quot;:3,&quot;content_sequenced_animation&quot;:&quot;yes&quot;,&quot;lazyload&quot;:&quot;yes&quot;,&quot;columns&quot;:4,&quot;columns_tablet&quot;:2,&quot;gap&quot;:{&quot;unit&quot;:&quot;px&quot;,&quot;size&quot;:10,&quot;sizes&quot;:[]},&quot;gap_tablet&quot;:{&quot;unit&quot;:&quot;px&quot;,&quot;size&quot;:10,&quot;sizes&quot;:[]},&quot;gap_mobile&quot;:{&quot;unit&quot;:&quot;px&quot;,&quot;size&quot;:10,&quot;sizes&quot;:[]},&quot;link_to&quot;:&quot;file&quot;,&quot;show_all_galleries&quot;:&quot;yes&quot;,&quot;overlay_background&quot;:&quot;yes&quot;,&quot;content_hover_animation&quot;:&quot;fade-in&quot;}\" data-widget_type=\"gallery.default\">\n\t\t\t\t<div class=\"elementor-widget-container\">\n\t\t\t\t\t\t\t\t<div class=\"elementor-gallery__titles-container e--pointer-underline e--animation-fade\" aria-label=\"Galeriefilter\">\n\t\t\t\t\t\t\t\t\t<a class=\"elementor-item elementor-gallery-title\" role=\"button\" tabindex=\"0\" data-gallery-index=\"all\">\n\t\t\t\t\t\tAlle\t\t\t\t\t<\/a>\n\t\t\t\t\n\t\t\t\t\t\t\t\t\t<a class=\"elementor-item elementor-gallery-title\" role=\"button\" tabindex=\"0\" data-gallery-index=\"0\">\n\t\t\t\t\t\tObjekte\t\t\t\t\t<\/a>\n\t\t\t\t\t\t\t\t\t\t<a class=\"elementor-item elementor-gallery-title\" role=\"button\" tabindex=\"0\" data-gallery-index=\"1\">\n\t\t\t\t\t\tVerschiedene Dekorationen\t\t\t\t\t<\/a>\n\t\t\t\t\t\t\t\t<\/div>\n\t\t\t\t\t<div class=\"elementor-gallery__container\">\n\t\t\t\t\t\t\t<a class=\"e-gallery-item elementor-gallery-item elementor-animated-content\" data-e-gallery-tags=\"0\" href=\"https:\/\/fiorimela.ch\/wp-content\/uploads\/sites\/99\/2023\/06\/20211117_131135-scaled.jpg\" data-elementor-open-lightbox=\"yes\" data-elementor-lightbox-slideshow=\"48ce5b8\" data-elementor-lightbox-title=\"20211117_131135\" data-e-action-hash=\"#elementor-action%3Aaction%3Dlightbox%26settings%3DeyJpZCI6MTkzMCwidXJsIjoiaHR0cHM6XC9cL2Zpb3JpbWVsYS5jaFwvd3AtY29udGVudFwvdXBsb2Fkc1wvc2l0ZXNcLzk5XC8yMDIzXC8wNlwvMjAyMTExMTdfMTMxMTM1LXNjYWxlZC5qcGciLCJzbGlkZXNob3ciOiI0OGNlNWI4In0%3D\">\n\t\t\t\t\t<div class=\"e-gallery-image elementor-gallery-item__image\" data-thumbnail=\"https:\/\/fiorimela.ch\/wp-content\/uploads\/sites\/99\/2023\/06\/20211117_131135-2048x1152.jpg\" data-width=\"2048\" data-height=\"1152\" aria-label=\"\" role=\"img\" ><\/div>\n\t\t\t\t\t\t\t\t\t\t\t<div class=\"elementor-gallery-item__overlay\"><\/div>\n\t\t\t\t\t\t\t\t\t\t\t\t\t\t<\/a>\n\t\t\t\t\t\t\t<a class=\"e-gallery-item elementor-gallery-item elementor-animated-content\" data-e-gallery-tags=\"0\" href=\"https:\/\/fiorimela.ch\/wp-content\/uploads\/sites\/99\/2023\/06\/20170127_151226-scaled.jpg\" data-elementor-open-lightbox=\"yes\" data-elementor-lightbox-slideshow=\"48ce5b8\" data-elementor-lightbox-title=\"20170127_151226\" data-e-action-hash=\"#elementor-action%3Aaction%3Dlightbox%26settings%3DeyJpZCI6MTkzNCwidXJsIjoiaHR0cHM6XC9cL2Zpb3JpbWVsYS5jaFwvd3AtY29udGVudFwvdXBsb2Fkc1wvc2l0ZXNcLzk5XC8yMDIzXC8wNlwvMjAxNzAxMjdfMTUxMjI2LXNjYWxlZC5qcGciLCJzbGlkZXNob3ciOiI0OGNlNWI4In0%3D\">\n\t\t\t\t\t<div class=\"e-gallery-image elementor-gallery-item__image\" data-thumbnail=\"https:\/\/fiorimela.ch\/wp-content\/uploads\/sites\/99\/2023\/06\/20170127_151226-2048x1152.jpg\" data-width=\"2048\" data-height=\"1152\" aria-label=\"\" role=\"img\" ><\/div>\n\t\t\t\t\t\t\t\t\t\t\t<div class=\"elementor-gallery-item__overlay\"><\/div>\n\t\t\t\t\t\t\t\t\t\t\t\t\t\t<\/a>\n\t\t\t\t\t\t\t<a class=\"e-gallery-item elementor-gallery-item elementor-animated-content\" data-e-gallery-tags=\"0\" href=\"https:\/\/fiorimela.ch\/wp-content\/uploads\/sites\/99\/2023\/06\/20230427_102435-scaled.jpg\" data-elementor-open-lightbox=\"yes\" data-elementor-lightbox-slideshow=\"48ce5b8\" data-elementor-lightbox-title=\"20230427_102435\" data-e-action-hash=\"#elementor-action%3Aaction%3Dlightbox%26settings%3DeyJpZCI6MTkzOCwidXJsIjoiaHR0cHM6XC9cL2Zpb3JpbWVsYS5jaFwvd3AtY29udGVudFwvdXBsb2Fkc1wvc2l0ZXNcLzk5XC8yMDIzXC8wNlwvMjAyMzA0MjdfMTAyNDM1LXNjYWxlZC5qcGciLCJzbGlkZXNob3ciOiI0OGNlNWI4In0%3D\">\n\t\t\t\t\t<div class=\"e-gallery-image elementor-gallery-item__image\" data-thumbnail=\"https:\/\/fiorimela.ch\/wp-content\/uploads\/sites\/99\/2023\/06\/20230427_102435-1152x2048.jpg\" data-width=\"1152\" data-height=\"2048\" aria-label=\"\" role=\"img\" ><\/div>\n\t\t\t\t\t\t\t\t\t\t\t<div class=\"elementor-gallery-item__overlay\"><\/div>\n\t\t\t\t\t\t\t\t\t\t\t\t\t\t<\/a>\n\t\t\t\t\t\t\t<a class=\"e-gallery-item elementor-gallery-item elementor-animated-content\" data-e-gallery-tags=\"0\" href=\"https:\/\/fiorimela.ch\/wp-content\/uploads\/sites\/99\/2023\/06\/20230427_102547-scaled.jpg\" data-elementor-open-lightbox=\"yes\" data-elementor-lightbox-slideshow=\"48ce5b8\" data-elementor-lightbox-title=\"20230427_102547\" data-e-action-hash=\"#elementor-action%3Aaction%3Dlightbox%26settings%3DeyJpZCI6MTk0MiwidXJsIjoiaHR0cHM6XC9cL2Zpb3JpbWVsYS5jaFwvd3AtY29udGVudFwvdXBsb2Fkc1wvc2l0ZXNcLzk5XC8yMDIzXC8wNlwvMjAyMzA0MjdfMTAyNTQ3LXNjYWxlZC5qcGciLCJzbGlkZXNob3ciOiI0OGNlNWI4In0%3D\">\n\t\t\t\t\t<div class=\"e-gallery-image elementor-gallery-item__image\" data-thumbnail=\"https:\/\/fiorimela.ch\/wp-content\/uploads\/sites\/99\/2023\/06\/20230427_102547-1152x2048.jpg\" data-width=\"1152\" data-height=\"2048\" aria-label=\"\" role=\"img\" ><\/div>\n\t\t\t\t\t\t\t\t\t\t\t<div class=\"elementor-gallery-item__overlay\"><\/div>\n\t\t\t\t\t\t\t\t\t\t\t\t\t\t<\/a>\n\t\t\t\t\t\t\t<a class=\"e-gallery-item elementor-gallery-item elementor-animated-content\" data-e-gallery-tags=\"0\" href=\"https:\/\/fiorimela.ch\/wp-content\/uploads\/sites\/99\/2023\/06\/20230427_102521-1-scaled.jpg\" data-elementor-open-lightbox=\"yes\" data-elementor-lightbox-slideshow=\"48ce5b8\" data-elementor-lightbox-title=\"20230427_102521\" data-e-action-hash=\"#elementor-action%3Aaction%3Dlightbox%26settings%3DeyJpZCI6MTk0NiwidXJsIjoiaHR0cHM6XC9cL2Zpb3JpbWVsYS5jaFwvd3AtY29udGVudFwvdXBsb2Fkc1wvc2l0ZXNcLzk5XC8yMDIzXC8wNlwvMjAyMzA0MjdfMTAyNTIxLTEtc2NhbGVkLmpwZyIsInNsaWRlc2hvdyI6IjQ4Y2U1YjgifQ%3D%3D\">\n\t\t\t\t\t<div class=\"e-gallery-image elementor-gallery-item__image\" data-thumbnail=\"https:\/\/fiorimela.ch\/wp-content\/uploads\/sites\/99\/2023\/06\/20230427_102521-1-2048x1152.jpg\" data-width=\"2048\" data-height=\"1152\" aria-label=\"\" role=\"img\" ><\/div>\n\t\t\t\t\t\t\t\t\t\t\t<div class=\"elementor-gallery-item__overlay\"><\/div>\n\t\t\t\t\t\t\t\t\t\t\t\t\t\t<\/a>\n\t\t\t\t\t\t\t<a class=\"e-gallery-item elementor-gallery-item elementor-animated-content\" data-e-gallery-tags=\"0\" href=\"https:\/\/fiorimela.ch\/wp-content\/uploads\/sites\/99\/2023\/06\/20230427_102454-scaled.jpg\" data-elementor-open-lightbox=\"yes\" data-elementor-lightbox-slideshow=\"48ce5b8\" data-elementor-lightbox-title=\"20230427_102454\" data-e-action-hash=\"#elementor-action%3Aaction%3Dlightbox%26settings%3DeyJpZCI6MTk1MCwidXJsIjoiaHR0cHM6XC9cL2Zpb3JpbWVsYS5jaFwvd3AtY29udGVudFwvdXBsb2Fkc1wvc2l0ZXNcLzk5XC8yMDIzXC8wNlwvMjAyMzA0MjdfMTAyNDU0LXNjYWxlZC5qcGciLCJzbGlkZXNob3ciOiI0OGNlNWI4In0%3D\">\n\t\t\t\t\t<div class=\"e-gallery-image elementor-gallery-item__image\" data-thumbnail=\"https:\/\/fiorimela.ch\/wp-content\/uploads\/sites\/99\/2023\/06\/20230427_102454-2048x1152.jpg\" data-width=\"2048\" data-height=\"1152\" aria-label=\"\" role=\"img\" ><\/div>\n\t\t\t\t\t\t\t\t\t\t\t<div class=\"elementor-gallery-item__overlay\"><\/div>\n\t\t\t\t\t\t\t\t\t\t\t\t\t\t<\/a>\n\t\t\t\t\t\t\t<a class=\"e-gallery-item elementor-gallery-item elementor-animated-content\" data-e-gallery-tags=\"0\" href=\"https:\/\/fiorimela.ch\/wp-content\/uploads\/sites\/99\/2023\/06\/20230427_102435-1-scaled.jpg\" data-elementor-open-lightbox=\"yes\" data-elementor-lightbox-slideshow=\"48ce5b8\" data-elementor-lightbox-title=\"20230427_102435\" data-e-action-hash=\"#elementor-action%3Aaction%3Dlightbox%26settings%3DeyJpZCI6MTk1NCwidXJsIjoiaHR0cHM6XC9cL2Zpb3JpbWVsYS5jaFwvd3AtY29udGVudFwvdXBsb2Fkc1wvc2l0ZXNcLzk5XC8yMDIzXC8wNlwvMjAyMzA0MjdfMTAyNDM1LTEtc2NhbGVkLmpwZyIsInNsaWRlc2hvdyI6IjQ4Y2U1YjgifQ%3D%3D\">\n\t\t\t\t\t<div class=\"e-gallery-image elementor-gallery-item__image\" data-thumbnail=\"https:\/\/fiorimela.ch\/wp-content\/uploads\/sites\/99\/2023\/06\/20230427_102435-1-1152x2048.jpg\" data-width=\"1152\" data-height=\"2048\" aria-label=\"\" role=\"img\" ><\/div>\n\t\t\t\t\t\t\t\t\t\t\t<div class=\"elementor-gallery-item__overlay\"><\/div>\n\t\t\t\t\t\t\t\t\t\t\t\t\t\t<\/a>\n\t\t\t\t\t\t\t<a class=\"e-gallery-item elementor-gallery-item elementor-animated-content\" data-e-gallery-tags=\"1\" href=\"https:\/\/fiorimela.ch\/wp-content\/uploads\/sites\/99\/2023\/06\/20170127_151226-1-scaled.jpg\" data-elementor-open-lightbox=\"yes\" data-elementor-lightbox-slideshow=\"48ce5b8\" data-elementor-lightbox-title=\"20170127_151226\" data-e-action-hash=\"#elementor-action%3Aaction%3Dlightbox%26settings%3DeyJpZCI6MTk1OCwidXJsIjoiaHR0cHM6XC9cL2Zpb3JpbWVsYS5jaFwvd3AtY29udGVudFwvdXBsb2Fkc1wvc2l0ZXNcLzk5XC8yMDIzXC8wNlwvMjAxNzAxMjdfMTUxMjI2LTEtc2NhbGVkLmpwZyIsInNsaWRlc2hvdyI6IjQ4Y2U1YjgifQ%3D%3D\">\n\t\t\t\t\t<div class=\"e-gallery-image elementor-gallery-item__image\" data-thumbnail=\"https:\/\/fiorimela.ch\/wp-content\/uploads\/sites\/99\/2023\/06\/20170127_151226-1-2048x1152.jpg\" data-width=\"2048\" data-height=\"1152\" aria-label=\"\" role=\"img\" ><\/div>\n\t\t\t\t\t\t\t\t\t\t\t<div class=\"elementor-gallery-item__overlay\"><\/div>\n\t\t\t\t\t\t\t\t\t\t\t\t\t\t<\/a>\n\t\t\t\t\t\t\t<a class=\"e-gallery-item elementor-gallery-item elementor-animated-content\" data-e-gallery-tags=\"1\" href=\"https:\/\/fiorimela.ch\/wp-content\/uploads\/sites\/99\/2023\/06\/20170206_123514-scaled.jpg\" data-elementor-open-lightbox=\"yes\" data-elementor-lightbox-slideshow=\"48ce5b8\" data-elementor-lightbox-title=\"20170206_123514\" data-e-action-hash=\"#elementor-action%3Aaction%3Dlightbox%26settings%3DeyJpZCI6MTk2MiwidXJsIjoiaHR0cHM6XC9cL2Zpb3JpbWVsYS5jaFwvd3AtY29udGVudFwvdXBsb2Fkc1wvc2l0ZXNcLzk5XC8yMDIzXC8wNlwvMjAxNzAyMDZfMTIzNTE0LXNjYWxlZC5qcGciLCJzbGlkZXNob3ciOiI0OGNlNWI4In0%3D\">\n\t\t\t\t\t<div class=\"e-gallery-image elementor-gallery-item__image\" data-thumbnail=\"https:\/\/fiorimela.ch\/wp-content\/uploads\/sites\/99\/2023\/06\/20170206_123514-1152x2048.jpg\" data-width=\"1152\" data-height=\"2048\" aria-label=\"\" role=\"img\" ><\/div>\n\t\t\t\t\t\t\t\t\t\t\t<div class=\"elementor-gallery-item__overlay\"><\/div>\n\t\t\t\t\t\t\t\t\t\t\t\t\t\t<\/a>\n\t\t\t\t\t\t\t<a class=\"e-gallery-item elementor-gallery-item elementor-animated-content\" data-e-gallery-tags=\"1\" href=\"https:\/\/fiorimela.ch\/wp-content\/uploads\/sites\/99\/2023\/06\/21032012042-rotated.jpg\" data-elementor-open-lightbox=\"yes\" data-elementor-lightbox-slideshow=\"48ce5b8\" data-elementor-lightbox-title=\"21032012042\" data-e-action-hash=\"#elementor-action%3Aaction%3Dlightbox%26settings%3DeyJpZCI6MTk2NiwidXJsIjoiaHR0cHM6XC9cL2Zpb3JpbWVsYS5jaFwvd3AtY29udGVudFwvdXBsb2Fkc1wvc2l0ZXNcLzk5XC8yMDIzXC8wNlwvMjEwMzIwMTIwNDItcm90YXRlZC5qcGciLCJzbGlkZXNob3ciOiI0OGNlNWI4In0%3D\">\n\t\t\t\t\t<div class=\"e-gallery-image elementor-gallery-item__image\" data-thumbnail=\"https:\/\/fiorimela.ch\/wp-content\/uploads\/sites\/99\/2023\/06\/21032012042-rotated.jpg\" data-width=\"1536\" data-height=\"2048\" aria-label=\"\" role=\"img\" ><\/div>\n\t\t\t\t\t\t\t\t\t\t\t<div class=\"elementor-gallery-item__overlay\"><\/div>\n\t\t\t\t\t\t\t\t\t\t\t\t\t\t<\/a>\n\t\t\t\t\t\t\t<a class=\"e-gallery-item elementor-gallery-item elementor-animated-content\" data-e-gallery-tags=\"1\" href=\"https:\/\/fiorimela.ch\/wp-content\/uploads\/sites\/99\/2023\/06\/20220206_113131-scaled.jpg\" data-elementor-open-lightbox=\"yes\" data-elementor-lightbox-slideshow=\"48ce5b8\" data-elementor-lightbox-title=\"20220206_113131\" data-e-action-hash=\"#elementor-action%3Aaction%3Dlightbox%26settings%3DeyJpZCI6MTk3MCwidXJsIjoiaHR0cHM6XC9cL2Zpb3JpbWVsYS5jaFwvd3AtY29udGVudFwvdXBsb2Fkc1wvc2l0ZXNcLzk5XC8yMDIzXC8wNlwvMjAyMjAyMDZfMTEzMTMxLXNjYWxlZC5qcGciLCJzbGlkZXNob3ciOiI0OGNlNWI4In0%3D\">\n\t\t\t\t\t<div class=\"e-gallery-image elementor-gallery-item__image\" data-thumbnail=\"https:\/\/fiorimela.ch\/wp-content\/uploads\/sites\/99\/2023\/06\/20220206_113131-1152x2048.jpg\" data-width=\"1152\" data-height=\"2048\" aria-label=\"\" role=\"img\" ><\/div>\n\t\t\t\t\t\t\t\t\t\t\t<div class=\"elementor-gallery-item__overlay\"><\/div>\n\t\t\t\t\t\t\t\t\t\t\t\t\t\t<\/a>\n\t\t\t\t\t\t\t<a class=\"e-gallery-item elementor-gallery-item elementor-animated-content\" data-e-gallery-tags=\"1\" href=\"https:\/\/fiorimela.ch\/wp-content\/uploads\/sites\/99\/2023\/06\/IMG_20200331_234009_610-scaled.jpg\" data-elementor-open-lightbox=\"yes\" data-elementor-lightbox-slideshow=\"48ce5b8\" data-elementor-lightbox-title=\"IMG_20200331_234009_610\" data-e-action-hash=\"#elementor-action%3Aaction%3Dlightbox%26settings%3DeyJpZCI6MTk3NCwidXJsIjoiaHR0cHM6XC9cL2Zpb3JpbWVsYS5jaFwvd3AtY29udGVudFwvdXBsb2Fkc1wvc2l0ZXNcLzk5XC8yMDIzXC8wNlwvSU1HXzIwMjAwMzMxXzIzNDAwOV82MTAtc2NhbGVkLmpwZyIsInNsaWRlc2hvdyI6IjQ4Y2U1YjgifQ%3D%3D\">\n\t\t\t\t\t<div class=\"e-gallery-image elementor-gallery-item__image\" data-thumbnail=\"https:\/\/fiorimela.ch\/wp-content\/uploads\/sites\/99\/2023\/06\/IMG_20200331_234009_610-2048x2048.jpg\" data-width=\"2048\" data-height=\"2048\" aria-label=\"\" role=\"img\" ><\/div>\n\t\t\t\t\t\t\t\t\t\t\t<div class=\"elementor-gallery-item__overlay\"><\/div>\n\t\t\t\t\t\t\t\t\t\t\t\t\t\t<\/a>\n\t\t\t\t\t\t\t<a class=\"e-gallery-item elementor-gallery-item elementor-animated-content\" data-e-gallery-tags=\"1\" href=\"https:\/\/fiorimela.ch\/wp-content\/uploads\/sites\/99\/2023\/06\/IMG_20201009_234436_938.jpg\" data-elementor-open-lightbox=\"yes\" data-elementor-lightbox-slideshow=\"48ce5b8\" data-elementor-lightbox-title=\"IMG_20201009_234436_938\" data-e-action-hash=\"#elementor-action%3Aaction%3Dlightbox%26settings%3DeyJpZCI6MTk3OCwidXJsIjoiaHR0cHM6XC9cL2Zpb3JpbWVsYS5jaFwvd3AtY29udGVudFwvdXBsb2Fkc1wvc2l0ZXNcLzk5XC8yMDIzXC8wNlwvSU1HXzIwMjAxMDA5XzIzNDQzNl85MzguanBnIiwic2xpZGVzaG93IjoiNDhjZTViOCJ9\">\n\t\t\t\t\t<div class=\"e-gallery-image elementor-gallery-item__image\" data-thumbnail=\"https:\/\/fiorimela.ch\/wp-content\/uploads\/sites\/99\/2023\/06\/IMG_20201009_234436_938.jpg\" data-width=\"1080\" data-height=\"1080\" aria-label=\"\" role=\"img\" ><\/div>\n\t\t\t\t\t\t\t\t\t\t\t<div class=\"elementor-gallery-item__overlay\"><\/div>\n\t\t\t\t\t\t\t\t\t\t\t\t\t\t<\/a>\n\t\t\t\t\t\t\t<a class=\"e-gallery-item elementor-gallery-item elementor-animated-content\" data-e-gallery-tags=\"1\" href=\"https:\/\/fiorimela.ch\/wp-content\/uploads\/sites\/99\/2023\/06\/IMG_20201009_234436_939.jpg\" data-elementor-open-lightbox=\"yes\" data-elementor-lightbox-slideshow=\"48ce5b8\" data-elementor-lightbox-title=\"IMG_20201009_234436_939\" data-e-action-hash=\"#elementor-action%3Aaction%3Dlightbox%26settings%3DeyJpZCI6MTk4MiwidXJsIjoiaHR0cHM6XC9cL2Zpb3JpbWVsYS5jaFwvd3AtY29udGVudFwvdXBsb2Fkc1wvc2l0ZXNcLzk5XC8yMDIzXC8wNlwvSU1HXzIwMjAxMDA5XzIzNDQzNl85MzkuanBnIiwic2xpZGVzaG93IjoiNDhjZTViOCJ9\">\n\t\t\t\t\t<div class=\"e-gallery-image elementor-gallery-item__image\" data-thumbnail=\"https:\/\/fiorimela.ch\/wp-content\/uploads\/sites\/99\/2023\/06\/IMG_20201009_234436_939.jpg\" data-width=\"1080\" data-height=\"1080\" aria-label=\"\" role=\"img\" ><\/div>\n\t\t\t\t\t\t\t\t\t\t\t<div class=\"elementor-gallery-item__overlay\"><\/div>\n\t\t\t\t\t\t\t\t\t\t\t\t\t\t<\/a>\n\t\t\t\t\t<\/div>\n\t\t\t\t\t<\/div>\n\t\t\t\t<\/div>\n\t\t\t\t\t<\/div>\n\t\t<\/div>\n\t\t\t\t\t<\/div>\n\t\t<\/section>\n\t\t\t\t<\/div>\n\t\t","protected":false},"excerpt":{"rendered":"<p>Alle Objekte Verschiedene Dekorationen<\/p>\n","protected":false},"author":13,"featured_media":0,"parent":1578,"menu_order":0,"comment_status":"closed","ping_status":"open","template":"elementor_header_footer","meta":{"_seopress_robots_primary_cat":"","_seopress_titles_title":"","_seopress_titles_desc":"","_seopress_robots_index":"","footnotes":""},"class_list":["post-1622","page","type-page","status-publish","hentry"],"_links":{"self":[{"href":"https:\/\/fiorimela.ch\/de\/wp-json\/wp\/v2\/pages\/1622","targetHints":{"allow":["GET"]}}],"collection":[{"href":"https:\/\/fiorimela.ch\/de\/wp-json\/wp\/v2\/pages"}],"about":[{"href":"https:\/\/fiorimela.ch\/de\/wp-json\/wp\/v2\/types\/page"}],"author":[{"embeddable":true,"href":"https:\/\/fiorimela.ch\/de\/wp-json\/wp\/v2\/users\/13"}],"replies":[{"embeddable":true,"href":"https:\/\/fiorimela.ch\/de\/wp-json\/wp\/v2\/comments?post=1622"}],"version-history":[{"count":0,"href":"https:\/\/fiorimela.ch\/de\/wp-json\/wp\/v2\/pages\/1622\/revisions"}],"up":[{"embeddable":true,"href":"https:\/\/fiorimela.ch\/de\/wp-json\/wp\/v2\/pages\/1578"}],"wp:attachment":[{"href":"https:\/\/fiorimela.ch\/de\/wp-json\/wp\/v2\/media?parent=1622"}],"curies":[{"name":"wp","href":"https:\/\/api.w.org\/{rel}","templated":true}]}}